{"id":672,"date":"2013-07-12T11:19:24","date_gmt":"2013-07-12T10:19:24","guid":{"rendered":"http:\/\/diesesinternet.de\/blog\/?page_id=672"},"modified":"2018-04-10T12:46:35","modified_gmt":"2018-04-10T11:46:35","slug":"ha","status":"publish","type":"page","link":"https:\/\/www.diesesinternet.de\/blog\/ha\/","title":{"rendered":"H\u00e4?"},"content":{"rendered":"<p><strong>Heureka!<\/strong>\u00a0Gestern nacht hatte ich eine gro\u00dfartige Idee. Eine Webseite, auf der ich ganz einfach und schnell Beitr\u00e4ge zu aktuellen Themen ver\u00f6ffentlichen kann. Quasi so etwas wie ein Online-Tagebuch. Aber \u2013 und jetzt kommt\u2019s \u2013 die Besucher der Seite k\u00f6nnen nicht nur lesen, was mir so durch den Kopf geht, sondern k\u00f6nnen auch _selbst_ Kommentare dazu verfassen. Irre, oder? \u00dcber einen Namen habe ich mir auch schon den Kopf zerbrochen, zuerst dachte ich an etwas in der Richtung wie \u201cmein kleines Tagebuch\u201d. Aber so richtig gefiel mir das dann doch nicht. \u201cWeblog\u201c ist mir als n\u00e4chstes eingefallen. Das f\u00e4nd ich gut. Oder vielleicht ganz l\u00e4ssiglockerflockig nur Blog? Ja, das h\u00f6rt sich gut an. Frisch und unverbraucht. Und auch ein bisschen geheimnisvoll. Schlie\u00dflich soll nicht jeder DAU da draussen sofort gelangweilt abwinken. Kennichschon. Habichschontausendmalgesehen. Blog. Klingt echt gut. Wundert mich eigentlich, dass da noch niemand drauf gekommen ist. Ich glaube, dass k\u00f6nnte ein gro\u00dfes Ding werden in diesem Internet.<\/p>\n<p>Aber im Ernst:\u00a0<a href=\"https:\/\/www.diesesinternet.de\" target=\"_blank\"><em>Dieses Internet<\/em><\/a>\u00a0ist ein Bauchladen, ein Wochenmagazin, ein Poesiealbum. Je nach dem. Es ist aber vor allem eines: subjektiv. Dinge, die den Autor bewegen, finden dort Ihr w\u00fcrdiges Pl\u00e4tzchen. Nat\u00fcrlich kreisen die meisten Postings um Eishockey &#8211; Musik &#8211; Fotografie und -selbsverst\u00e4ndlich- das Internet als solches. Aus technischer wie auch aus gesellschaftspolitischer Sicht.<\/p>\n<p><a href=\"https:\/\/www.diesesinternet.de\" target=\"_blank\"><em>Dieses Internet<\/em><\/a>\u00a0ist die Evolution vieler begonnener und verworfener Websites, Blogs und Ideen.<\/p>\n","protected":false},"excerpt":{"rendered":"<p>Heureka!\u00a0Gestern nacht hatte ich eine gro\u00dfartige Idee. Eine Webseite, auf der ich ganz einfach und schnell Beitr\u00e4ge zu aktuellen Themen ver\u00f6ffentlichen kann. Quasi so etwas wie ein Online-Tagebuch. Aber \u2013 und jetzt kommt\u2019s \u2013 die Besucher der Seite k\u00f6nnen nicht nur lesen, was mir so durch den Kopf geht, sondern k\u00f6nnen auch _selbst_ Kommentare dazu &hellip; <\/p>\n<p class=\"link-more\"><a href=\"https:\/\/www.diesesinternet.de\/blog\/ha\/\" class=\"more-link\"><span class=\"screen-reader-text\">\u201eH\u00e4?\u201c<\/span> weiterlesen<\/a><\/p>\n","protected":false},"author":1,"featured_media":0,"parent":0,"menu_order":10,"comment_status":"closed","ping_status":"closed","template":"","meta":[],"_links":{"self":[{"href":"https:\/\/www.diesesinternet.de\/blog\/wp-json\/wp\/v2\/pages\/672"}],"collection":[{"href":"https:\/\/www.diesesinternet.de\/blog\/wp-json\/wp\/v2\/pages"}],"about":[{"href":"https:\/\/www.diesesinternet.de\/blog\/wp-json\/wp\/v2\/types\/page"}],"author":[{"embeddable":true,"href":"https:\/\/www.diesesinternet.de\/blog\/wp-json\/wp\/v2\/users\/1"}],"replies":[{"embeddable":true,"href":"https:\/\/www.diesesinternet.de\/blog\/wp-json\/wp\/v2\/comments?post=672"}],"version-history":[{"count":2,"href":"https:\/\/www.diesesinternet.de\/blog\/wp-json\/wp\/v2\/pages\/672\/revisions"}],"predecessor-version":[{"id":1105,"href":"https:\/\/www.diesesinternet.de\/blog\/wp-json\/wp\/v2\/pages\/672\/revisions\/1105"}],"wp:attachment":[{"href":"https:\/\/www.diesesinternet.de\/blog\/wp-json\/wp\/v2\/media?parent=672"}],"curies":[{"name":"wp","href":"https:\/\/api.w.org\/{rel}","templated":true}]}}